{"id":4789,"date":"2026-01-15T11:05:41","date_gmt":"2026-01-15T14:05:41","guid":{"rendered":"https:\/\/comeflo.com.uy\/web\/?page_id=4789"},"modified":"2026-01-16T14:01:06","modified_gmt":"2026-01-16T17:01:06","slug":"campana-de-prevencion-de-ahogamientos","status":"publish","type":"page","link":"https:\/\/comeflo.com.uy\/web\/campana-de-prevencion-de-ahogamientos\/","title":{"rendered":"Prevenci\u00f3n de Ahogamientos"},"content":{"rendered":"\t\t<div data-elementor-type=\"wp-page\" data-elementor-id=\"4789\" class=\"elementor elementor-4789\">\n\t\t\t\t\t\t<section class=\"elementor-section elementor-top-section elementor-element elementor-element-bc9d78e elementor-section-boxed elementor-section-height-default elementor-section-height-default\" data-id=\"bc9d78e\" data-element_type=\"section\" data-e-type=\"section\">\n\t\t\t\t\t\t<div class=\"elementor-container elementor-column-gap-default\">\n\t\t\t\t\t<div class=\"elementor-column elementor-col-100 elementor-top-column elementor-element elementor-element-a1adad0\" data-id=\"a1adad0\" data-element_type=\"column\" data-e-type=\"column\">\n\t\t\t<div class=\"elementor-widget-wrap elementor-element-populated\">\n\t\t\t\t\t\t<div class=\"elementor-element elementor-element-c89ed75 elementor-widget elementor-widget-heading\" data-id=\"c89ed75\" data-element_type=\"widget\" data-e-type=\"widget\" data-widget_type=\"heading.default\">\n\t\t\t\t<div class=\"elementor-widget-container\">\n\t\t\t\t\t<h4 class=\"elementor-heading-title elementor-size-default\">Los ahogamientos siguen siendo una de las principales causas de muerte por lesiones no intencionales en ni\u00f1as, <br>ni\u00f1os, adolescentes y j\u00f3venes en nuestro pa\u00eds.\n<\/h4>\t\t\t\t<\/div>\n\t\t\t\t<\/div>\n\t\t\t\t\t<\/div>\n\t\t<\/div>\n\t\t\t\t\t<\/div>\n\t\t<\/section>\n\t\t\t\t<section class=\"elementor-section elementor-top-section elementor-element elementor-element-41a462f elementor-section-boxed elementor-section-height-default elementor-section-height-default\" data-id=\"41a462f\" data-element_type=\"section\" data-e-type=\"section\">\n\t\t\t\t\t\t<div class=\"elementor-container elementor-column-gap-default\">\n\t\t\t\t\t<div class=\"elementor-column elementor-col-100 elementor-top-column elementor-element elementor-element-b422ef3\" data-id=\"b422ef3\" data-element_type=\"column\" data-e-type=\"column\">\n\t\t\t<div class=\"elementor-widget-wrap elementor-element-populated\">\n\t\t\t\t\t\t<div class=\"elementor-element elementor-element-f7fec50 elementor-widget__width-initial elementor-widget elementor-widget-text-editor\" data-id=\"f7fec50\" data-element_type=\"widget\" data-e-type=\"widget\" data-widget_type=\"text-editor.default\">\n\t\t\t\t<div class=\"elementor-widget-container\">\n\t\t\t\t\t\t\t\t\t<div style=\"text-align: center;\" data-subtree=\"aimfl,mfl\" data-processed=\"true\">La Secretar\u00eda Nacional del Deporte de Uruguay (SND) lidera la campa\u00f1a nacional de prevenci\u00f3n de ahogamientos, especialmente enfocada en infancias y adolescencias, promoviendo la <strong class=\"Yjhzub\" data-processed=\"true\">supervisi\u00f3n adulta constante<\/strong>, el <strong class=\"Yjhzub\" data-processed=\"true\">uso de entornos seguros<\/strong> (playas con guardavidas, piscinas valladas) y medidas como <strong class=\"Yjhzub\" data-processed=\"true\">vaciar recipientes<\/strong> y <strong class=\"Yjhzub\" data-processed=\"true\">cubrir pozos<\/strong>, recordando que los ahogamientos son silenciosos y suceden en segundos, incluso en el hogar, con lemas como &#8220;<strong class=\"Yjhzub\" data-processed=\"true\">Tu mirada salva vidas<\/strong>&#8221; y campa\u00f1as activas durante el verano con el hashtag #Prevenci\u00f3nDeAhogamientos2026<\/div>\t\t\t\t\t\t\t\t<\/div>\n\t\t\t\t<\/div>\n\t\t\t\t\t<\/div>\n\t\t<\/div>\n\t\t\t\t\t<\/div>\n\t\t<\/section>\n\t\t\t\t<section class=\"elementor-section elementor-top-section elementor-element elementor-element-84d2147 elementor-section-boxed elementor-section-height-default elementor-section-height-default\" data-id=\"84d2147\" data-element_type=\"section\" data-e-type=\"section\">\n\t\t\t\t\t\t<div class=\"elementor-container elementor-column-gap-default\">\n\t\t\t\t\t<div class=\"elementor-column elementor-col-100 elementor-top-column elementor-element elementor-element-d523be5\" data-id=\"d523be5\" data-element_type=\"column\" data-e-type=\"column\">\n\t\t\t<div class=\"elementor-widget-wrap elementor-element-populated\">\n\t\t\t\t\t\t<div class=\"elementor-element elementor-element-5f8ca98 elementor-widget-divider--view-line elementor-widget elementor-widget-divider\" data-id=\"5f8ca98\" data-element_type=\"widget\" data-e-type=\"widget\" data-widget_type=\"divider.default\">\n\t\t\t\t<div class=\"elementor-widget-container\">\n\t\t\t\t\t\t\t<div class=\"elementor-divider\">\n\t\t\t<span class=\"elementor-divider-separator\">\n\t\t\t\t\t\t<\/span>\n\t\t<\/div>\n\t\t\t\t\t\t<\/div>\n\t\t\t\t<\/div>\n\t\t\t\t\t<\/div>\n\t\t<\/div>\n\t\t\t\t\t<\/div>\n\t\t<\/section>\n\t\t\t\t<section class=\"elementor-section elementor-top-section elementor-element elementor-element-02a08f6 elementor-section-boxed elementor-section-height-default elementor-section-height-default\" data-id=\"02a08f6\" data-element_type=\"section\" data-e-type=\"section\">\n\t\t\t\t\t\t<div class=\"elementor-container elementor-column-gap-default\">\n\t\t\t\t\t<div class=\"elementor-column elementor-col-100 elementor-top-column elementor-element elementor-element-ff65d01\" data-id=\"ff65d01\" data-element_type=\"column\" data-e-type=\"column\">\n\t\t\t<div class=\"elementor-widget-wrap elementor-element-populated\">\n\t\t\t\t\t\t<div class=\"elementor-element elementor-element-2abb78d elementor-widget elementor-widget-video\" data-id=\"2abb78d\" data-element_type=\"widget\" data-e-type=\"widget\" data-settings=\"{&quot;video_type&quot;:&quot;hosted&quot;,&quot;controls&quot;:&quot;yes&quot;}\" data-widget_type=\"video.default\">\n\t\t\t\t<div class=\"elementor-widget-container\">\n\t\t\t\t\t\t\t<div class=\"e-hosted-video elementor-wrapper elementor-open-inline\">\n\t\t\t\t\t<video class=\"elementor-video\" src=\"https:\/\/comeflo.com.uy\/web\/wp-content\/uploads\/2026\/01\/Spot-Ri\u0301o.mp4\" controls=\"\" preload=\"metadata\" controlsList=\"nodownload\"><\/video>\n\t\t\t\t<\/div>\n\t\t\t\t\t\t<\/div>\n\t\t\t\t<\/div>\n\t\t\t\t\t<\/div>\n\t\t<\/div>\n\t\t\t\t\t<\/div>\n\t\t<\/section>\n\t\t\t\t<section class=\"elementor-section elementor-top-section elementor-element elementor-element-6935958 elementor-section-boxed elementor-section-height-default elementor-section-height-default\" data-id=\"6935958\" data-element_type=\"section\" data-e-type=\"section\">\n\t\t\t\t\t\t<div class=\"elementor-container elementor-column-gap-default\">\n\t\t\t\t\t<div class=\"elementor-column elementor-col-100 elementor-top-column elementor-element elementor-element-79e1db7\" data-id=\"79e1db7\" data-element_type=\"column\" data-e-type=\"column\">\n\t\t\t<div class=\"elementor-widget-wrap elementor-element-populated\">\n\t\t\t\t\t\t<div class=\"elementor-element elementor-element-b4dff52 elementor-widget elementor-widget-video\" data-id=\"b4dff52\" data-element_type=\"widget\" data-e-type=\"widget\" data-settings=\"{&quot;video_type&quot;:&quot;hosted&quot;,&quot;controls&quot;:&quot;yes&quot;}\" data-widget_type=\"video.default\">\n\t\t\t\t<div class=\"elementor-widget-container\">\n\t\t\t\t\t\t\t<div class=\"e-hosted-video elementor-wrapper elementor-open-inline\">\n\t\t\t\t\t<video class=\"elementor-video\" src=\"https:\/\/comeflo.com.uy\/web\/wp-content\/uploads\/2026\/01\/Spot-Piscina.mp4\" controls=\"\" preload=\"metadata\" controlsList=\"nodownload\"><\/video>\n\t\t\t\t<\/div>\n\t\t\t\t\t\t<\/div>\n\t\t\t\t<\/div>\n\t\t\t\t\t<\/div>\n\t\t<\/div>\n\t\t\t\t\t<\/div>\n\t\t<\/section>\n\t\t\t\t<section class=\"elementor-section elementor-top-section elementor-element elementor-element-005730a elementor-section-boxed elementor-section-height-default elementor-section-height-default\" data-id=\"005730a\" data-element_type=\"section\" data-e-type=\"section\">\n\t\t\t\t\t\t<div class=\"elementor-container elementor-column-gap-default\">\n\t\t\t\t\t<div class=\"elementor-column elementor-col-100 elementor-top-column elementor-element elementor-element-dfc40d7\" data-id=\"dfc40d7\" data-element_type=\"column\" data-e-type=\"column\">\n\t\t\t<div class=\"elementor-widget-wrap elementor-element-populated\">\n\t\t\t\t\t\t<div class=\"elementor-element elementor-element-c44010c elementor-widget elementor-widget-video\" data-id=\"c44010c\" data-element_type=\"widget\" data-e-type=\"widget\" data-settings=\"{&quot;video_type&quot;:&quot;hosted&quot;,&quot;controls&quot;:&quot;yes&quot;}\" data-widget_type=\"video.default\">\n\t\t\t\t<div class=\"elementor-widget-container\">\n\t\t\t\t\t\t\t<div class=\"e-hosted-video elementor-wrapper elementor-open-inline\">\n\t\t\t\t\t<video class=\"elementor-video\" src=\"https:\/\/comeflo.com.uy\/web\/wp-content\/uploads\/2026\/01\/Spot-Patio.mp4\" controls=\"\" preload=\"metadata\" controlsList=\"nodownload\"><\/video>\n\t\t\t\t<\/div>\n\t\t\t\t\t\t<\/div>\n\t\t\t\t<\/div>\n\t\t\t\t\t<\/div>\n\t\t<\/div>\n\t\t\t\t\t<\/div>\n\t\t<\/section>\n\t\t\t\t<section class=\"elementor-section elementor-top-section elementor-element elementor-element-042799b elementor-section-boxed elementor-section-height-default elementor-section-height-default\" data-id=\"042799b\" data-element_type=\"section\" data-e-type=\"section\">\n\t\t\t\t\t\t<div class=\"elementor-container elementor-column-gap-default\">\n\t\t\t\t\t<div class=\"elementor-column elementor-col-100 elementor-top-column elementor-element elementor-element-35fdf97\" data-id=\"35fdf97\" data-element_type=\"column\" data-e-type=\"column\">\n\t\t\t<div class=\"elementor-widget-wrap elementor-element-populated\">\n\t\t\t\t\t\t<div class=\"elementor-element elementor-element-971cf33 elementor-widget elementor-widget-video\" data-id=\"971cf33\" data-element_type=\"widget\" data-e-type=\"widget\" data-settings=\"{&quot;video_type&quot;:&quot;hosted&quot;,&quot;controls&quot;:&quot;yes&quot;}\" data-widget_type=\"video.default\">\n\t\t\t\t<div class=\"elementor-widget-container\">\n\t\t\t\t\t\t\t<div class=\"e-hosted-video elementor-wrapper elementor-open-inline\">\n\t\t\t\t\t<video class=\"elementor-video\" src=\"https:\/\/comeflo.com.uy\/web\/wp-content\/uploads\/2026\/01\/Salvavidas-videoclip.mp4\" controls=\"\" preload=\"metadata\" controlsList=\"nodownload\"><\/video>\n\t\t\t\t<\/div>\n\t\t\t\t\t\t<\/div>\n\t\t\t\t<\/div>\n\t\t\t\t\t<\/div>\n\t\t<\/div>\n\t\t\t\t\t<\/div>\n\t\t<\/section>\n\t\t\t\t<\/div>\n\t\t","protected":false},"excerpt":{"rendered":"<p>Los ahogamientos siguen siendo una de las principales causas de muerte por lesiones no intencionales en ni\u00f1as, ni\u00f1os, adolescentes y j\u00f3venes en nuestro pa\u00eds. La Secretar\u00eda Nacional del Deporte de Uruguay (SND) lidera la campa\u00f1a nacional de prevenci\u00f3n de ahogamientos, especialmente enfocada en infancias y adolescencias, promoviendo la supervisi\u00f3n adulta constante, el uso de entornos&#8230;<\/p>\n","protected":false},"author":1,"featured_media":0,"parent":0,"menu_order":0,"comment_status":"closed","ping_status":"closed","template":"","meta":{"_monsterinsights_skip_tracking":false,"_monsterinsights_sitenote_active":false,"_monsterinsights_sitenote_note":"","_monsterinsights_sitenote_category":0,"footnotes":""},"class_list":["post-4789","page","type-page","status-publish","hentry"],"aioseo_notices":[],"_links":{"self":[{"href":"https:\/\/comeflo.com.uy\/web\/wp-json\/wp\/v2\/pages\/4789","targetHints":{"allow":["GET"]}}],"collection":[{"href":"https:\/\/comeflo.com.uy\/web\/wp-json\/wp\/v2\/pages"}],"about":[{"href":"https:\/\/comeflo.com.uy\/web\/wp-json\/wp\/v2\/types\/page"}],"author":[{"embeddable":true,"href":"https:\/\/comeflo.com.uy\/web\/wp-json\/wp\/v2\/users\/1"}],"replies":[{"embeddable":true,"href":"https:\/\/comeflo.com.uy\/web\/wp-json\/wp\/v2\/comments?post=4789"}],"version-history":[{"count":15,"href":"https:\/\/comeflo.com.uy\/web\/wp-json\/wp\/v2\/pages\/4789\/revisions"}],"predecessor-version":[{"id":4816,"href":"https:\/\/comeflo.com.uy\/web\/wp-json\/wp\/v2\/pages\/4789\/revisions\/4816"}],"wp:attachment":[{"href":"https:\/\/comeflo.com.uy\/web\/wp-json\/wp\/v2\/media?parent=4789"}],"curies":[{"name":"wp","href":"https:\/\/api.w.org\/{rel}","templated":true}]}}