{"id":3626,"date":"2022-03-14T19:08:33","date_gmt":"2022-03-14T22:08:33","guid":{"rendered":"http:\/\/comeflo.com.uy\/web\/?page_id=3626"},"modified":"2022-04-13T14:12:34","modified_gmt":"2022-04-13T17:12:34","slug":"odontologia-2","status":"publish","type":"page","link":"https:\/\/comeflo.com.uy\/web\/odontologia-2\/","title":{"rendered":"Odontologia"},"content":{"rendered":"\t\t<div data-elementor-type=\"wp-page\" data-elementor-id=\"3626\" class=\"elementor elementor-3626\">\n\t\t\t\t\t\t<section class=\"elementor-section elementor-top-section elementor-element elementor-element-b0b6c43 elementor-section-content-top elementor-section-boxed elementor-section-height-default elementor-section-height-default\" data-id=\"b0b6c43\" data-element_type=\"section\" data-e-type=\"section\">\n\t\t\t\t\t\t<div class=\"elementor-container elementor-column-gap-default\">\n\t\t\t\t\t<div class=\"elementor-column elementor-col-50 elementor-top-column elementor-element elementor-element-980f185\" data-id=\"980f185\" data-element_type=\"column\" data-e-type=\"column\">\n\t\t\t<div class=\"elementor-widget-wrap elementor-element-populated\">\n\t\t\t\t\t\t<div class=\"elementor-element elementor-element-74889ab elementor-invisible elementor-widget elementor-widget-heading\" data-id=\"74889ab\" data-element_type=\"widget\" data-e-type=\"widget\" data-settings=\"{&quot;_animation&quot;:&quot;fadeInDown&quot;}\" data-widget_type=\"heading.default\">\n\t\t\t\t<div class=\"elementor-widget-container\">\n\t\t\t\t\t<h2 class=\"elementor-heading-title elementor-size-default\">Servicio de Odontolog\u00eda<\/h2>\t\t\t\t<\/div>\n\t\t\t\t<\/div>\n\t\t\t\t<div class=\"elementor-element elementor-element-eb1a6a0 elementor-invisible elementor-widget elementor-widget-text-editor\" data-id=\"eb1a6a0\" data-element_type=\"widget\" data-e-type=\"widget\" data-settings=\"{&quot;_animation&quot;:&quot;fadeIn&quot;}\" data-widget_type=\"text-editor.default\">\n\t\t\t\t<div class=\"elementor-widget-container\">\n\t\t\t\t\t\t\t\t\t<ul><li>Atenci\u00f3n de Policl\u00ednicas<\/li><li>Servicios de ret\u00e9n cubierto por Odont\u00f3logos de primer nivel.<\/li><li>Servicio de Urgencia Odontol\u00f3gica con cobertura las 24 hs de los 365 d\u00edas del a\u00f1o.\u00a0<\/li><\/ul>\t\t\t\t\t\t\t\t<\/div>\n\t\t\t\t<\/div>\n\t\t\t\t\t<\/div>\n\t\t<\/div>\n\t\t\t\t<div class=\"elementor-column elementor-col-50 elementor-top-column elementor-element elementor-element-7266652 elementor-invisible\" data-id=\"7266652\" data-element_type=\"column\" data-e-type=\"column\" data-settings=\"{&quot;animation&quot;:&quot;zoomIn&quot;,&quot;background_background&quot;:&quot;classic&quot;}\">\n\t\t\t<div class=\"elementor-widget-wrap elementor-element-populated\">\n\t\t\t\t\t\t<div class=\"elementor-element elementor-element-9dab33c elementor-widget elementor-widget-image\" data-id=\"9dab33c\" data-element_type=\"widget\" data-e-type=\"widget\" data-widget_type=\"image.default\">\n\t\t\t\t<div class=\"elementor-widget-container\">\n\t\t\t\t\t\t\t\t\t\t\t\t\t\t\t<img fetchpriority=\"high\" decoding=\"async\" width=\"811\" height=\"596\" src=\"https:\/\/comeflo.com.uy\/web\/wp-content\/uploads\/2020\/02\/2.jpg\" class=\"attachment-large size-large wp-image-2898\" alt=\"\" srcset=\"https:\/\/comeflo.com.uy\/web\/wp-content\/uploads\/2020\/02\/2.jpg 811w, https:\/\/comeflo.com.uy\/web\/wp-content\/uploads\/2020\/02\/2-300x220.jpg 300w, https:\/\/comeflo.com.uy\/web\/wp-content\/uploads\/2020\/02\/2-600x441.jpg 600w\" sizes=\"(max-width: 811px) 100vw, 811px\" \/>\t\t\t\t\t\t\t\t\t\t\t\t\t\t\t<\/div>\n\t\t\t\t<\/div>\n\t\t\t\t\t<\/div>\n\t\t<\/div>\n\t\t\t\t\t<\/div>\n\t\t<\/section>\n\t\t\t\t<\/div>\n\t\t","protected":false},"excerpt":{"rendered":"<p>Servicio de Odontolog\u00eda Atenci\u00f3n de Policl\u00ednicas Servicios de ret\u00e9n cubierto por Odont\u00f3logos de primer nivel. Servicio de Urgencia Odontol\u00f3gica con cobertura las 24 hs de los 365 d\u00edas del a\u00f1o.\u00a0<\/p>\n","protected":false},"author":1,"featured_media":0,"parent":0,"menu_order":0,"comment_status":"closed","ping_status":"closed","template":"","meta":{"_monsterinsights_skip_tracking":false,"_monsterinsights_sitenote_active":false,"_monsterinsights_sitenote_note":"","_monsterinsights_sitenote_category":0,"footnotes":""},"class_list":["post-3626","page","type-page","status-publish","hentry"],"aioseo_notices":[],"_links":{"self":[{"href":"https:\/\/comeflo.com.uy\/web\/wp-json\/wp\/v2\/pages\/3626","targetHints":{"allow":["GET"]}}],"collection":[{"href":"https:\/\/comeflo.com.uy\/web\/wp-json\/wp\/v2\/pages"}],"about":[{"href":"https:\/\/comeflo.com.uy\/web\/wp-json\/wp\/v2\/types\/page"}],"author":[{"embeddable":true,"href":"https:\/\/comeflo.com.uy\/web\/wp-json\/wp\/v2\/users\/1"}],"replies":[{"embeddable":true,"href":"https:\/\/comeflo.com.uy\/web\/wp-json\/wp\/v2\/comments?post=3626"}],"version-history":[{"count":8,"href":"https:\/\/comeflo.com.uy\/web\/wp-json\/wp\/v2\/pages\/3626\/revisions"}],"predecessor-version":[{"id":3996,"href":"https:\/\/comeflo.com.uy\/web\/wp-json\/wp\/v2\/pages\/3626\/revisions\/3996"}],"wp:attachment":[{"href":"https:\/\/comeflo.com.uy\/web\/wp-json\/wp\/v2\/media?parent=3626"}],"curies":[{"name":"wp","href":"https:\/\/api.w.org\/{rel}","templated":true}]}}