{"id":3596,"date":"2022-03-14T19:03:17","date_gmt":"2022-03-14T22:03:17","guid":{"rendered":"http:\/\/comeflo.com.uy\/web\/?page_id=3596"},"modified":"2022-03-15T11:41:46","modified_gmt":"2022-03-15T14:41:46","slug":"centros-de-atencion-farmacia","status":"publish","type":"page","link":"https:\/\/comeflo.com.uy\/web\/centros-de-atencion-farmacia\/","title":{"rendered":"Centros de Atenci\u00f3n Farmacia"},"content":{"rendered":"\t\t<div data-elementor-type=\"wp-page\" data-elementor-id=\"3596\" class=\"elementor elementor-3596\">\n\t\t\t\t\t\t<section class=\"elementor-section elementor-top-section elementor-element elementor-element-7341843 elementor-section-content-top elementor-section-boxed elementor-section-height-default elementor-section-height-default\" data-id=\"7341843\" data-element_type=\"section\" data-e-type=\"section\">\n\t\t\t\t\t\t<div class=\"elementor-container elementor-column-gap-default\">\n\t\t\t\t\t<div class=\"elementor-column elementor-col-50 elementor-top-column elementor-element elementor-element-24f2191\" data-id=\"24f2191\" data-element_type=\"column\" data-e-type=\"column\">\n\t\t\t<div class=\"elementor-widget-wrap elementor-element-populated\">\n\t\t\t\t\t\t<div class=\"elementor-element elementor-element-a2152be elementor-invisible elementor-widget elementor-widget-heading\" data-id=\"a2152be\" data-element_type=\"widget\" data-e-type=\"widget\" data-settings=\"{&quot;_animation&quot;:&quot;fadeInDown&quot;}\" data-widget_type=\"heading.default\">\n\t\t\t\t<div class=\"elementor-widget-container\">\n\t\t\t\t\t<h2 class=\"elementor-heading-title elementor-size-default\">Farmacia. Despacho de medicaci\u00f3n<\/h2>\t\t\t\t<\/div>\n\t\t\t\t<\/div>\n\t\t\t\t<div class=\"elementor-element elementor-element-c8053c9 elementor-invisible elementor-widget elementor-widget-text-editor\" data-id=\"c8053c9\" data-element_type=\"widget\" data-e-type=\"widget\" data-settings=\"{&quot;_animation&quot;:&quot;fadeIn&quot;}\" data-widget_type=\"text-editor.default\">\n\t\t\t\t<div class=\"elementor-widget-container\">\n\t\t\t\t\t\t\t\t\t<p>Apostamos d\u00eda a d\u00eda a mejorar la atenci\u00f3n de nuestros pacientes.<\/p><p>Nos hemos ido adecuando a los requerimientos de los usuarios, y a las disposiciones del MSP. El personal de farmacia posee los conocimientos necesarios para desarrollar la actividad con idoneidad, trabajando constantemente en conjunto con el cuerpo m\u00e9dico para de esta manera velar, en todo momento por la seguridad de los pacientes.\u00a0<\/p><p>Contamos con un amplio stock de medicamentos que abarca todas las especialidades. Adem\u00e1s con prescripci\u00f3n de uso prolongando y con la receta electr\u00f3nica.\u00a0<\/p><p>Contamos con un amplio horario de atenci\u00f3n de Lunes a S\u00e1bados.\u00a0<\/p><p>\u00a0<\/p>\t\t\t\t\t\t\t\t<\/div>\n\t\t\t\t<\/div>\n\t\t\t\t\t<\/div>\n\t\t<\/div>\n\t\t\t\t<div class=\"elementor-column elementor-col-50 elementor-top-column elementor-element elementor-element-8af7a28 elementor-invisible\" data-id=\"8af7a28\" data-element_type=\"column\" data-e-type=\"column\" data-settings=\"{&quot;animation&quot;:&quot;zoomIn&quot;,&quot;background_background&quot;:&quot;classic&quot;}\">\n\t\t\t<div class=\"elementor-widget-wrap elementor-element-populated\">\n\t\t\t\t\t\t<div class=\"elementor-element elementor-element-2ec3174 elementor-widget elementor-widget-video\" data-id=\"2ec3174\" data-element_type=\"widget\" data-e-type=\"widget\" data-settings=\"{&quot;video_type&quot;:&quot;hosted&quot;,&quot;controls&quot;:&quot;yes&quot;}\" data-widget_type=\"video.default\">\n\t\t\t\t<div class=\"elementor-widget-container\">\n\t\t\t\t\t\t\t<div class=\"e-hosted-video elementor-wrapper elementor-open-inline\">\n\t\t\t\t\t<video class=\"elementor-video\" src=\"https:\/\/comeflo.com.uy\/web\/wp-content\/uploads\/2022\/03\/WhatsApp-Video-2022-03-15-at-11.33.18.mp4\" controls=\"\" preload=\"metadata\" controlsList=\"nodownload\"><\/video>\n\t\t\t\t<\/div>\n\t\t\t\t\t\t<\/div>\n\t\t\t\t<\/div>\n\t\t\t\t\t<\/div>\n\t\t<\/div>\n\t\t\t\t\t<\/div>\n\t\t<\/section>\n\t\t\t\t<\/div>\n\t\t","protected":false},"excerpt":{"rendered":"<p>Farmacia. Despacho de medicaci\u00f3n Apostamos d\u00eda a d\u00eda a mejorar la atenci\u00f3n de nuestros pacientes. Nos hemos ido adecuando a los requerimientos de los usuarios, y a las disposiciones del MSP. El personal de farmacia posee los conocimientos necesarios para desarrollar la actividad con idoneidad, trabajando constantemente en conjunto con el cuerpo m\u00e9dico para de&#8230;<\/p>\n","protected":false},"author":1,"featured_media":0,"parent":0,"menu_order":0,"comment_status":"closed","ping_status":"closed","template":"","meta":{"_monsterinsights_skip_tracking":false,"_monsterinsights_sitenote_active":false,"_monsterinsights_sitenote_note":"","_monsterinsights_sitenote_category":0,"footnotes":""},"class_list":["post-3596","page","type-page","status-publish","hentry"],"aioseo_notices":[],"_links":{"self":[{"href":"https:\/\/comeflo.com.uy\/web\/wp-json\/wp\/v2\/pages\/3596","targetHints":{"allow":["GET"]}}],"collection":[{"href":"https:\/\/comeflo.com.uy\/web\/wp-json\/wp\/v2\/pages"}],"about":[{"href":"https:\/\/comeflo.com.uy\/web\/wp-json\/wp\/v2\/types\/page"}],"author":[{"embeddable":true,"href":"https:\/\/comeflo.com.uy\/web\/wp-json\/wp\/v2\/users\/1"}],"replies":[{"embeddable":true,"href":"https:\/\/comeflo.com.uy\/web\/wp-json\/wp\/v2\/comments?post=3596"}],"version-history":[{"count":8,"href":"https:\/\/comeflo.com.uy\/web\/wp-json\/wp\/v2\/pages\/3596\/revisions"}],"predecessor-version":[{"id":3764,"href":"https:\/\/comeflo.com.uy\/web\/wp-json\/wp\/v2\/pages\/3596\/revisions\/3764"}],"wp:attachment":[{"href":"https:\/\/comeflo.com.uy\/web\/wp-json\/wp\/v2\/media?parent=3596"}],"curies":[{"name":"wp","href":"https:\/\/api.w.org\/{rel}","templated":true}]}}