{"id":3494,"date":"2022-03-06T11:50:56","date_gmt":"2022-03-06T14:50:56","guid":{"rendered":"http:\/\/comeflo.com.uy\/web\/?page_id=3494"},"modified":"2022-03-15T13:57:24","modified_gmt":"2022-03-15T16:57:24","slug":"tarjeta-de-beneficios","status":"publish","type":"page","link":"https:\/\/comeflo.com.uy\/web\/tarjeta-de-beneficios\/","title":{"rendered":"Tarjeta de beneficios"},"content":{"rendered":"\t\t<div data-elementor-type=\"wp-page\" data-elementor-id=\"3494\" class=\"elementor elementor-3494\">\n\t\t\t\t\t\t<section class=\"elementor-section elementor-top-section elementor-element elementor-element-bea8c4a elementor-section-content-top elementor-section-boxed elementor-section-height-default elementor-section-height-default\" data-id=\"bea8c4a\" data-element_type=\"section\" data-e-type=\"section\">\n\t\t\t\t\t\t<div class=\"elementor-container elementor-column-gap-default\">\n\t\t\t\t\t<div class=\"elementor-column elementor-col-50 elementor-top-column elementor-element elementor-element-832d189\" data-id=\"832d189\" data-element_type=\"column\" data-e-type=\"column\">\n\t\t\t<div class=\"elementor-widget-wrap elementor-element-populated\">\n\t\t\t\t\t\t<div class=\"elementor-element elementor-element-e5018ad elementor-invisible elementor-widget elementor-widget-heading\" data-id=\"e5018ad\" data-element_type=\"widget\" data-e-type=\"widget\" data-settings=\"{&quot;_animation&quot;:&quot;fadeInDown&quot;}\" data-widget_type=\"heading.default\">\n\t\t\t\t<div class=\"elementor-widget-container\">\n\t\t\t\t\t<h2 class=\"elementor-heading-title elementor-size-default\">Tarjeta de beneficios\n<\/h2>\t\t\t\t<\/div>\n\t\t\t\t<\/div>\n\t\t\t\t<div class=\"elementor-element elementor-element-4a503a5 elementor-invisible elementor-widget elementor-widget-text-editor\" data-id=\"4a503a5\" data-element_type=\"widget\" data-e-type=\"widget\" data-settings=\"{&quot;_animation&quot;:&quot;fadeIn&quot;}\" data-widget_type=\"text-editor.default\">\n\t\t\t\t<div class=\"elementor-widget-container\">\n\t\t\t\t\t\t\t\t\t<p>Solicitala en las oficinas administrativas de COMEFLO de forma inmediata.<\/p><p>Con ella podr\u00e1s acceder a un mont\u00f3n de descuentos, promociones y sorteos, en m\u00e1s de 50 comercios del departamento.\u00a0<\/p><p>Deporte, gastronom\u00eda, indumentaria, educaci\u00f3n, supermercados y mucho m\u00e1s!\u00a0<\/p><p>Aqu\u00ed pod\u00e9s ver el listado de comercios adheridos.<\/p>\t\t\t\t\t\t\t\t<\/div>\n\t\t\t\t<\/div>\n\t\t\t\t<div class=\"elementor-element elementor-element-80fa12e elementor-widget elementor-widget-button\" data-id=\"80fa12e\" data-element_type=\"widget\" data-e-type=\"widget\" data-widget_type=\"button.default\">\n\t\t\t\t<div class=\"elementor-widget-container\">\n\t\t\t\t\t\t\t\t\t<div class=\"elementor-button-wrapper\">\n\t\t\t\t\t<a class=\"elementor-button elementor-button-link elementor-size-xs\" href=\"https:\/\/comeflo.com.uy\/web\/wp-content\/uploads\/2022\/03\/folleto_tarjetadebeneficios_julio2021.pdf\" target=\"_blank\">\n\t\t\t\t\t\t<span class=\"elementor-button-content-wrapper\">\n\t\t\t\t\t\t\t\t\t<span class=\"elementor-button-text\">Vea folleto con todos los comercios adheridos<\/span>\n\t\t\t\t\t<\/span>\n\t\t\t\t\t<\/a>\n\t\t\t\t<\/div>\n\t\t\t\t\t\t\t\t<\/div>\n\t\t\t\t<\/div>\n\t\t\t\t\t<\/div>\n\t\t<\/div>\n\t\t\t\t<div class=\"elementor-column elementor-col-50 elementor-top-column elementor-element elementor-element-7b31582 elementor-invisible\" data-id=\"7b31582\" data-element_type=\"column\" data-e-type=\"column\" data-settings=\"{&quot;animation&quot;:&quot;zoomIn&quot;,&quot;background_background&quot;:&quot;classic&quot;}\">\n\t\t\t<div class=\"elementor-widget-wrap elementor-element-populated\">\n\t\t\t\t\t\t<div class=\"elementor-element elementor-element-f91bef4 elementor-widget elementor-widget-image\" data-id=\"f91bef4\" data-element_type=\"widget\" data-e-type=\"widget\" data-widget_type=\"image.default\">\n\t\t\t\t<div class=\"elementor-widget-container\">\n\t\t\t\t\t\t\t\t\t\t\t\t\t\t\t<img fetchpriority=\"high\" decoding=\"async\" width=\"591\" height=\"438\" src=\"https:\/\/comeflo.com.uy\/web\/wp-content\/uploads\/2022\/03\/tarjeta-beneficios-04-1-591x438.png\" class=\"attachment-medilink-size1 size-medilink-size1 wp-image-3794\" alt=\"\" \/>\t\t\t\t\t\t\t\t\t\t\t\t\t\t\t<\/div>\n\t\t\t\t<\/div>\n\t\t\t\t\t<\/div>\n\t\t<\/div>\n\t\t\t\t\t<\/div>\n\t\t<\/section>\n\t\t\t\t<\/div>\n\t\t","protected":false},"excerpt":{"rendered":"<p>Tarjeta de beneficios Solicitala en las oficinas administrativas de COMEFLO de forma inmediata. Con ella podr\u00e1s acceder a un mont\u00f3n de descuentos, promociones y sorteos, en m\u00e1s de 50 comercios del departamento.\u00a0 Deporte, gastronom\u00eda, indumentaria, educaci\u00f3n, supermercados y mucho m\u00e1s!\u00a0 Aqu\u00ed pod\u00e9s ver el listado de comercios adheridos. Vea folleto con todos los comercios adheridos<\/p>\n","protected":false},"author":1,"featured_media":0,"parent":0,"menu_order":0,"comment_status":"closed","ping_status":"closed","template":"","meta":{"_monsterinsights_skip_tracking":false,"_monsterinsights_sitenote_active":false,"_monsterinsights_sitenote_note":"","_monsterinsights_sitenote_category":0,"footnotes":""},"class_list":["post-3494","page","type-page","status-publish","hentry"],"aioseo_notices":[],"_links":{"self":[{"href":"https:\/\/comeflo.com.uy\/web\/wp-json\/wp\/v2\/pages\/3494","targetHints":{"allow":["GET"]}}],"collection":[{"href":"https:\/\/comeflo.com.uy\/web\/wp-json\/wp\/v2\/pages"}],"about":[{"href":"https:\/\/comeflo.com.uy\/web\/wp-json\/wp\/v2\/types\/page"}],"author":[{"embeddable":true,"href":"https:\/\/comeflo.com.uy\/web\/wp-json\/wp\/v2\/users\/1"}],"replies":[{"embeddable":true,"href":"https:\/\/comeflo.com.uy\/web\/wp-json\/wp\/v2\/comments?post=3494"}],"version-history":[{"count":11,"href":"https:\/\/comeflo.com.uy\/web\/wp-json\/wp\/v2\/pages\/3494\/revisions"}],"predecessor-version":[{"id":3797,"href":"https:\/\/comeflo.com.uy\/web\/wp-json\/wp\/v2\/pages\/3494\/revisions\/3797"}],"wp:attachment":[{"href":"https:\/\/comeflo.com.uy\/web\/wp-json\/wp\/v2\/media?parent=3494"}],"curies":[{"name":"wp","href":"https:\/\/api.w.org\/{rel}","templated":true}]}}